{"id":8,"date":"2025-12-12T03:16:52","date_gmt":"2025-12-12T03:16:52","guid":{"rendered":"https:\/\/www.erdemselcuk.com\/?page_id=8"},"modified":"2025-12-12T03:16:52","modified_gmt":"2025-12-12T03:16:52","slug":"ana-sayfa","status":"publish","type":"page","link":"https:\/\/www.erdemselcuk.com\/?page_id=8","title":{"rendered":"Ana Sayfa"},"content":{"rendered":"\n<p>Daha \u0130yi D\u00fc\u015funmek, Daha \u0130yi Ya\u015famak<\/p>\n\n\n\n<p>Psikoloji, kitaplar ve zihinsel berrakl\u0131k \u00fczerine sade yaz\u0131lar.<\/p>\n\n\n\n<p>Ben Erdem Sel\u00e7uk. Psikoloji, ki\u015fisel geli\u015fim ve d\u00fc\u015f\u00fcnce sistemleri \u00fczerine okuyorum, yaz\u0131yorum ve \u00f6\u011frendiklerimi sadele\u015ftiriyorum.<\/p>\n\n\n\n<p>Bu sitede kitap incelemeleri, kitap \u00f6zetleri ve zihin haritalar\u0131 payla\u015f\u0131yorum.<\/p>\n","protected":false},"excerpt":{"rendered":"<p>Daha \u0130yi D\u00fc\u015funmek, Daha \u0130yi Ya\u015famak Psikoloji, kitaplar ve zihinsel berrakl\u0131k \u00fczerine sade yaz\u0131lar. Ben Erdem Sel\u00e7uk. Psikoloji, ki\u015fisel geli\u015fim&hellip; <a class=\"read-more\" href=\"https:\/\/www.erdemselcuk.com\/?page_id=8\">Okumaya devam et<\/a><\/p>\n","protected":false},"author":1,"featured_media":0,"parent":0,"menu_order":0,"comment_status":"closed","ping_status":"closed","template":"","meta":{"footnotes":""},"class_list":["post-8","page","type-page","status-publish","hentry"],"_links":{"self":[{"href":"https:\/\/www.erdemselcuk.com\/index.php?rest_route=\/wp\/v2\/pages\/8","targetHints":{"allow":["GET"]}}],"collection":[{"href":"https:\/\/www.erdemselcuk.com\/index.php?rest_route=\/wp\/v2\/pages"}],"about":[{"href":"https:\/\/www.erdemselcuk.com\/index.php?rest_route=\/wp\/v2\/types\/page"}],"author":[{"embeddable":true,"href":"https:\/\/www.erdemselcuk.com\/index.php?rest_route=\/wp\/v2\/users\/1"}],"replies":[{"embeddable":true,"href":"https:\/\/www.erdemselcuk.com\/index.php?rest_route=%2Fwp%2Fv2%2Fcomments&post=8"}],"version-history":[{"count":1,"href":"https:\/\/www.erdemselcuk.com\/index.php?rest_route=\/wp\/v2\/pages\/8\/revisions"}],"predecessor-version":[{"id":9,"href":"https:\/\/www.erdemselcuk.com\/index.php?rest_route=\/wp\/v2\/pages\/8\/revisions\/9"}],"wp:attachment":[{"href":"https:\/\/www.erdemselcuk.com\/index.php?rest_route=%2Fwp%2Fv2%2Fmedia&parent=8"}],"curies":[{"name":"wp","href":"https:\/\/api.w.org\/{rel}","templated":true}]}}