{"id":32,"date":"2025-12-16T22:21:35","date_gmt":"2025-12-16T22:21:35","guid":{"rendered":"https:\/\/www.erdemselcuk.com\/?page_id=32"},"modified":"2025-12-16T22:21:35","modified_gmt":"2025-12-16T22:21:35","slug":"konusmalar","status":"publish","type":"page","link":"https:\/\/www.erdemselcuk.com\/?page_id=32","title":{"rendered":"Konusmalar"},"content":{"rendered":"\n<p>Etkinliklerinizde veya kurumunuzda al\u0131\u015fkanl\u0131k olu\u015fturma, verimlilik ve psikoloji \u00fczerine konu\u015fmal\u0131k yap\u0131yorum.<\/p>\n\n\n\n<p>Seminerler, at\u00f6lye \u00e7al\u0131\u015fmalar\u0131 ve konferanslar i\u00e7in ileti\u015fime ge\u00e7ebilirsiniz.<\/p>\n\n\n\n<p>\u00d6nceki konu\u015fmalardan baz\u0131lar\u0131:<\/p>\n\n\n\n<ul class=\"wp-block-list\">\n<li>\u00dcniversite semineri \u2013 2024<\/li>\n\n\n\n<li>Kurumsal e\u011fitim \u2013 2025<\/li>\n<\/ul>\n\n\n\n<p>\u0130leti\u015fim i\u00e7in site \u00fczerinden bana ula\u015fabilirsiniz. (Bu bir \u00f6rnektir.)<\/p>\n","protected":false},"excerpt":{"rendered":"<p>Etkinliklerinizde veya kurumunuzda al\u0131\u015fkanl\u0131k olu\u015fturma, verimlilik ve psikoloji \u00fczerine konu\u015fmal\u0131k yap\u0131yorum. Seminerler, at\u00f6lye \u00e7al\u0131\u015fmalar\u0131 ve konferanslar i\u00e7in ileti\u015fime ge\u00e7ebilirsiniz. \u00d6nceki&hellip; <a class=\"read-more\" href=\"https:\/\/www.erdemselcuk.com\/?page_id=32\">Okumaya devam et<\/a><\/p>\n","protected":false},"author":1,"featured_media":0,"parent":0,"menu_order":0,"comment_status":"closed","ping_status":"closed","template":"","meta":{"footnotes":""},"class_list":["post-32","page","type-page","status-publish","hentry"],"_links":{"self":[{"href":"https:\/\/www.erdemselcuk.com\/index.php?rest_route=\/wp\/v2\/pages\/32","targetHints":{"allow":["GET"]}}],"collection":[{"href":"https:\/\/www.erdemselcuk.com\/index.php?rest_route=\/wp\/v2\/pages"}],"about":[{"href":"https:\/\/www.erdemselcuk.com\/index.php?rest_route=\/wp\/v2\/types\/page"}],"author":[{"embeddable":true,"href":"https:\/\/www.erdemselcuk.com\/index.php?rest_route=\/wp\/v2\/users\/1"}],"replies":[{"embeddable":true,"href":"https:\/\/www.erdemselcuk.com\/index.php?rest_route=%2Fwp%2Fv2%2Fcomments&post=32"}],"version-history":[{"count":1,"href":"https:\/\/www.erdemselcuk.com\/index.php?rest_route=\/wp\/v2\/pages\/32\/revisions"}],"predecessor-version":[{"id":33,"href":"https:\/\/www.erdemselcuk.com\/index.php?rest_route=\/wp\/v2\/pages\/32\/revisions\/33"}],"wp:attachment":[{"href":"https:\/\/www.erdemselcuk.com\/index.php?rest_route=%2Fwp%2Fv2%2Fmedia&parent=32"}],"curies":[{"name":"wp","href":"https:\/\/api.w.org\/{rel}","templated":true}]}}