{"id":30,"date":"2025-12-16T22:20:55","date_gmt":"2025-12-16T22:20:55","guid":{"rendered":"https:\/\/www.erdemselcuk.com\/?page_id=30"},"modified":"2025-12-16T22:20:55","modified_gmt":"2025-12-16T22:20:55","slug":"uygulama","status":"publish","type":"page","link":"https:\/\/www.erdemselcuk.com\/?page_id=30","title":{"rendered":"Uygulama"},"content":{"rendered":"\n<p>Al\u0131\u015fkanl\u0131klar\u0131n\u0131z\u0131 takip etmek ve geli\u015ftirmek i\u00e7in haz\u0131rlad\u0131\u011f\u0131m uygulamay\u0131 yak\u0131nda burada payla\u015fac\u011f\u0131m.<\/p>\n\n\n\n<p>Bu uygulama ile g\u00fcnl\u00fck hedeflerinizi belirleyebilir, ilerlemenizi g\u00f6rebilir ve motivasyonunuzu art\u0131rabilirsiniz.<\/p>\n\n\n\n<p>(Uygulama ba\u011flant\u0131s\u0131 ve tan\u0131t\u0131m buraya gelecek.)<\/p>\n","protected":false},"excerpt":{"rendered":"<p>Al\u0131\u015fkanl\u0131klar\u0131n\u0131z\u0131 takip etmek ve geli\u015ftirmek i\u00e7in haz\u0131rlad\u0131\u011f\u0131m uygulamay\u0131 yak\u0131nda burada payla\u015fac\u011f\u0131m. Bu uygulama ile g\u00fcnl\u00fck hedeflerinizi belirleyebilir, ilerlemenizi g\u00f6rebilir ve&hellip; <a class=\"read-more\" href=\"https:\/\/www.erdemselcuk.com\/?page_id=30\">Okumaya devam et<\/a><\/p>\n","protected":false},"author":1,"featured_media":0,"parent":0,"menu_order":0,"comment_status":"closed","ping_status":"closed","template":"","meta":{"footnotes":""},"class_list":["post-30","page","type-page","status-publish","hentry"],"_links":{"self":[{"href":"https:\/\/www.erdemselcuk.com\/index.php?rest_route=\/wp\/v2\/pages\/30","targetHints":{"allow":["GET"]}}],"collection":[{"href":"https:\/\/www.erdemselcuk.com\/index.php?rest_route=\/wp\/v2\/pages"}],"about":[{"href":"https:\/\/www.erdemselcuk.com\/index.php?rest_route=\/wp\/v2\/types\/page"}],"author":[{"embeddable":true,"href":"https:\/\/www.erdemselcuk.com\/index.php?rest_route=\/wp\/v2\/users\/1"}],"replies":[{"embeddable":true,"href":"https:\/\/www.erdemselcuk.com\/index.php?rest_route=%2Fwp%2Fv2%2Fcomments&post=30"}],"version-history":[{"count":1,"href":"https:\/\/www.erdemselcuk.com\/index.php?rest_route=\/wp\/v2\/pages\/30\/revisions"}],"predecessor-version":[{"id":31,"href":"https:\/\/www.erdemselcuk.com\/index.php?rest_route=\/wp\/v2\/pages\/30\/revisions\/31"}],"wp:attachment":[{"href":"https:\/\/www.erdemselcuk.com\/index.php?rest_route=%2Fwp%2Fv2%2Fmedia&parent=30"}],"curies":[{"name":"wp","href":"https:\/\/api.w.org\/{rel}","templated":true}]}}