{"id":26,"date":"2025-12-16T22:19:35","date_gmt":"2025-12-16T22:19:35","guid":{"rendered":"https:\/\/www.erdemselcuk.com\/?page_id=26"},"modified":"2025-12-16T22:19:35","modified_gmt":"2025-12-16T22:19:35","slug":"kitaplar","status":"publish","type":"page","link":"https:\/\/www.erdemselcuk.com\/?page_id=26","title":{"rendered":"Kitaplar"},"content":{"rendered":"\n<p>\u00d6ne \u00c7\u0131kan Kitap: Atomik Al\u0131\u015fkanl\u0131klar<\/p>\n\n\n\n<p>Atomik Al\u0131\u015fkanl\u0131klar, k\u00fc\u00e7\u00fck iyile\u015ftirmelerin nas\u0131l b\u00fcy\u00fck sonu\u00e7lara yol a\u00e7abilece\u011fini anlatan James Clear&#8217;\u0131n en \u00e7ok satan kitab\u0131d\u0131r. Bu kitapta al\u0131\u015fkanl\u0131k olu\u015fturma konusunda sistemsel bir yakla\u015f\u0131m sunulur.<\/p>\n\n\n\n<p>Okuma Listesi<\/p>\n\n\n\n<p>Bu okuma listesi, ki\u015fisel geli\u015fim, psikoloji ve \u00fcretkenlik alanlar\u0131nda en sevdi\u011fim kitaplardan olu\u015fuyor. Sizin i\u00e7in farkl\u0131 kategorilerde \u00f6neriler haz\u0131rlad\u0131m:<\/p>\n\n\n\n<p>Al\u0131\u015fkanl\u0131klar ve \u00dcretkenlik<\/p>\n\n\n\n<ul class=\"wp-block-list\">\n<li>Derin \u00c7al\u0131\u015fma \u2013 Cal Newport<\/li>\n\n\n\n<li>Al\u0131\u015fkanl\u0131klar\u0131n G\u00fcc\u00fc \u2013 Charles Duhigg<\/li>\n\n\n\n<li>Atomik Al\u0131\u015fkanl\u0131klar \u2013 James Clear<\/li>\n<\/ul>\n\n\n\n<p>Psikoloji ve Zihin<\/p>\n\n\n\n<ul class=\"wp-block-list\">\n<li>D\u00fc\u015f\u00fcn, H\u0131zl\u0131 ve Yava\u015f \u2013 Daniel Kahneman<\/li>\n\n\n\n<li>\u0130nsan Olman\u0131n Anlam\u0131 \u2013 Viktor Frankl<\/li>\n\n\n\n<li>Etki: \u0130kna Psikolojisi \u2013 Robert Cialdini<\/li>\n<\/ul>\n\n\n\n<p>Bu listede her ay yeni kitaplar ekleyece\u011fim. Okuma \u00f6nerilerine ula\u015fmak ve notlar\u0131m\u0131 g\u00f6rmek i\u00e7in bu sayfay\u0131 takip edebilirsiniz.<\/p>\n","protected":false},"excerpt":{"rendered":"<p>\u00d6ne \u00c7\u0131kan Kitap: Atomik Al\u0131\u015fkanl\u0131klar Atomik Al\u0131\u015fkanl\u0131klar, k\u00fc\u00e7\u00fck iyile\u015ftirmelerin nas\u0131l b\u00fcy\u00fck sonu\u00e7lara yol a\u00e7abilece\u011fini anlatan James Clear&#8217;\u0131n en \u00e7ok satan&hellip; <a class=\"read-more\" href=\"https:\/\/www.erdemselcuk.com\/?page_id=26\">Okumaya devam et<\/a><\/p>\n","protected":false},"author":1,"featured_media":0,"parent":0,"menu_order":0,"comment_status":"closed","ping_status":"closed","template":"","meta":{"footnotes":""},"class_list":["post-26","page","type-page","status-publish","hentry"],"_links":{"self":[{"href":"https:\/\/www.erdemselcuk.com\/index.php?rest_route=\/wp\/v2\/pages\/26","targetHints":{"allow":["GET"]}}],"collection":[{"href":"https:\/\/www.erdemselcuk.com\/index.php?rest_route=\/wp\/v2\/pages"}],"about":[{"href":"https:\/\/www.erdemselcuk.com\/index.php?rest_route=\/wp\/v2\/types\/page"}],"author":[{"embeddable":true,"href":"https:\/\/www.erdemselcuk.com\/index.php?rest_route=\/wp\/v2\/users\/1"}],"replies":[{"embeddable":true,"href":"https:\/\/www.erdemselcuk.com\/index.php?rest_route=%2Fwp%2Fv2%2Fcomments&post=26"}],"version-history":[{"count":1,"href":"https:\/\/www.erdemselcuk.com\/index.php?rest_route=\/wp\/v2\/pages\/26\/revisions"}],"predecessor-version":[{"id":27,"href":"https:\/\/www.erdemselcuk.com\/index.php?rest_route=\/wp\/v2\/pages\/26\/revisions\/27"}],"wp:attachment":[{"href":"https:\/\/www.erdemselcuk.com\/index.php?rest_route=%2Fwp%2Fv2%2Fmedia&parent=26"}],"curies":[{"name":"wp","href":"https:\/\/api.w.org\/{rel}","templated":true}]}}