{"id":10,"date":"2025-12-12T03:17:27","date_gmt":"2025-12-12T03:17:27","guid":{"rendered":"https:\/\/www.erdemselcuk.com\/?page_id=10"},"modified":"2025-12-12T03:17:27","modified_gmt":"2025-12-12T03:17:27","slug":"hakkimda","status":"publish","type":"page","link":"https:\/\/www.erdemselcuk.com\/?page_id=10","title":{"rendered":"Hakk\u0131mda"},"content":{"rendered":"\n<p>Merhaba, ben Erdem Sel\u00e7uk<\/p>\n\n\n\n<p>Psikoloji ve insan davran\u0131\u015f\u0131yla ilgileniyorum.<\/p>\n\n\n\n<p>Okudu\u011fum kitaplar\u0131 sadece t\u00fcketmek yerine, anlamaya, sadele\u015ftirmeye ve zihinsel haritalara d\u00f6n\u00fc\u015ft\u00fcrmeye \u00e7al\u0131\u015f\u0131yorum.<\/p>\n\n\n\n<p>Bu site; \u2013 Kitap incelemeleri \u2013 Kitap \u00f6zetleri \u2013 Zihin haritalar\u0131 payla\u015fmak i\u00e7in olu\u015fturuldu.<\/p>\n\n\n\n<p>Amac\u0131m; karma\u015f\u0131k fikirleri basit, uygulanabilir ve anla\u015f\u0131l\u0131r hale getirmek.<\/p>\n","protected":false},"excerpt":{"rendered":"<p>Merhaba, ben Erdem Sel\u00e7uk Psikoloji ve insan davran\u0131\u015f\u0131yla ilgileniyorum. Okudu\u011fum kitaplar\u0131 sadece t\u00fcketmek yerine, anlamaya, sadele\u015ftirmeye ve zihinsel haritalara d\u00f6n\u00fc\u015ft\u00fcrmeye&hellip; <a class=\"read-more\" href=\"https:\/\/www.erdemselcuk.com\/?page_id=10\">Okumaya devam et<\/a><\/p>\n","protected":false},"author":1,"featured_media":0,"parent":0,"menu_order":0,"comment_status":"closed","ping_status":"closed","template":"","meta":{"footnotes":""},"class_list":["post-10","page","type-page","status-publish","hentry"],"_links":{"self":[{"href":"https:\/\/www.erdemselcuk.com\/index.php?rest_route=\/wp\/v2\/pages\/10","targetHints":{"allow":["GET"]}}],"collection":[{"href":"https:\/\/www.erdemselcuk.com\/index.php?rest_route=\/wp\/v2\/pages"}],"about":[{"href":"https:\/\/www.erdemselcuk.com\/index.php?rest_route=\/wp\/v2\/types\/page"}],"author":[{"embeddable":true,"href":"https:\/\/www.erdemselcuk.com\/index.php?rest_route=\/wp\/v2\/users\/1"}],"replies":[{"embeddable":true,"href":"https:\/\/www.erdemselcuk.com\/index.php?rest_route=%2Fwp%2Fv2%2Fcomments&post=10"}],"version-history":[{"count":1,"href":"https:\/\/www.erdemselcuk.com\/index.php?rest_route=\/wp\/v2\/pages\/10\/revisions"}],"predecessor-version":[{"id":11,"href":"https:\/\/www.erdemselcuk.com\/index.php?rest_route=\/wp\/v2\/pages\/10\/revisions\/11"}],"wp:attachment":[{"href":"https:\/\/www.erdemselcuk.com\/index.php?rest_route=%2Fwp%2Fv2%2Fmedia&parent=10"}],"curies":[{"name":"wp","href":"https:\/\/api.w.org\/{rel}","templated":true}]}}